{"id":12801,"date":"2024-12-12T09:48:18","date_gmt":"2024-12-12T08:48:18","guid":{"rendered":"https:\/\/kpnr.uni-mainz.de\/?page_id=12801"},"modified":"2026-04-29T10:43:24","modified_gmt":"2026-04-29T08:43:24","slug":"courses","status":"publish","type":"page","link":"https:\/\/kpnr.uni-mainz.de\/en\/courses\/","title":{"rendered":"Courses"},"content":{"rendered":"<jgu-base-pageheader react-props=\"{\n    &quot;items&quot;: [\n        {\n            &quot;box&quot;: {\n                &quot;index&quot;: &quot;&quot;,\n                &quot;title&quot;: &quot;Courses&quot;,\n                &quot;link&quot;: {\n                    &quot;url&quot;: &quot;&quot;,\n                    &quot;title&quot;: &quot;learn more&quot;\n                }\n            },\n            &quot;color&quot;: &quot;default&quot;,\n            &quot;image&quot;: {\n                &quot;url&quot;: &quot;&quot;\n            },\n            &quot;imgCredit&quot;: &quot;&quot;,\n            &quot;useVideo&quot;: false,\n            &quot;video&quot;: false\n        }\n    ],\n    &quot;type&quot;: &quot;border&quot;,\n    &quot;align&quot;: &quot;full&quot;,\n    &quot;quicklinks&quot;: {\n        &quot;show&quot;: false,\n        &quot;selects&quot;: []\n    },\n    &quot;useBreadcrumb&quot;: false\n}\">\n<\/jgu-base-pageheader>\n<div style=\"height:35px\" aria-hidden=\"true\" class=\"wp-block-spacer\"><\/div>\n\n<div class=\"wp-block-columns is-layout-flex wp-container-core-columns-is-layout-9d6595d7 wp-block-columns-is-layout-flex\">\n<div class=\"wp-block-column is-layout-flow wp-block-column-is-layout-flow\" style=\"flex-basis:70%\">\t\t\t\t<h2>Lecture<\/h2>\n\t\t<ul>\n\t\t\t\t\t\t\t\t\t\t\t\t\t\t\t\t\t\t\t\t\t\t\t\t\t\t\t\t\t\t\t\t\t\t\t\t\t\t\t\t\t\t\t\t\t\t\t\t\t\t\t\t\t\t\t\t\t\t\t\t\t\t\t\t\t\t\t\t<li>\n\t\t\t\t\t\t<a href=\"?event_id=394413177391342&amp;skip_groups=true\">\n\t\t\t\t\t\t\tVorlesung: Forschungskolloquium\t\t\t\t\t\t<\/a>\n\t\t\t\t\t\t<br>Instructor: Prof. Dr. Anne Mareike Altgassen; Dr. Henrik Bellh\u00e4user; Bernhard Both; Univ.-Prof. Dr. Boris Egloff; Dr. Christoph Freiherr von Castell; Univ.-Prof. Dr. Heiko Hecht; Univ.-Prof. Dr. Roland Imhoff; Jun.-Prof. Dr. Verena Elena Johann; Stefanie Jungmann; Prof. Dr. Johannes Maria Kraus; Dr. Jeanette Kubiak; Julia Olivia Linke; Univ.-Prof. Dr. G\u00fcnter Meinhardt; Jun.-Prof. Dr. Hadar Nesher Shoshan; Prof. Dr. Daniel Oberfeld-Twistel; Verena Oberlader; Prof. Dr. Thomas Rigotti; Prof. Dr. Anna-Lena Schubert; Dipl.-Psych Susanna T\u00fcrk; Dr. Felix Vogel\t\t\t\t\t\t\t\t\t\t\t<\/li>\n\t\t\t\t\t\t\t\t\t\t\t\t\t\t\t\t<li>\n\t\t\t\t\t\t<a href=\"?event_id=394273586964146&amp;skip_groups=true\">\n\t\t\t\t\t\t\tVorlesung: Kognitiv-affektive Neurowissenschaften\t\t\t\t\t\t<\/a>\n\t\t\t\t\t\t<br>Instructor: Julia Olivia Linke\t\t\t\t\t\t\t\t\t\t\t<\/li>\n\t\t\t\t\t\t\t\t\t\t\t\t\t\t\t\t<li>\n\t\t\t\t\t\t<a href=\"?event_id=394273587822491&amp;skip_groups=true\">\n\t\t\t\t\t\t\tVorlesung: Spezielle Verfahrenslehre\t\t\t\t\t\t<\/a>\n\t\t\t\t\t\t<br>Instructor: Dr. Mathias Klinghammer; Hanna Tamara Konradi; Eliza Lichtenth\u00e4ler\t\t\t\t\t\t\t\t\t\t\t<\/li>\n\t\t\t\t\t\t\t\t\t<\/ul>\n\t\t\t<h2>Seminar<\/h2>\n\t\t<ul>\n\t\t\t\t\t\t\t\t\t\t\t\t\t\t\t\t\t\t\t\t\t\t\t\t\t\t\t\t\t\t\t\t\t\t\t\t\t\t\t\t<li>\n\t\t\t\t\t\t<a href=\"?event_id=394273586179863&amp;skip_groups=true\">\n\t\t\t\t\t\t\tSeminar: Ausgew\u00e4hlte Themen der Biologischen Psychologie\t\t\t\t\t\t<\/a>\n\t\t\t\t\t\t<br>Instructor: Lara Hamzehpour; Julia Olivia Linke\t\t\t\t\t\t\t\t\t\t\t<\/li>\n\t\t\t\t\t\t\t\t\t\t\t\t\t\t\t\t<li>\n\t\t\t\t\t\t<a href=\"?event_id=394323128329502&amp;skip_groups=true\">\n\t\t\t\t\t\t\tSeminar: Projektseminar B.Sc.-Arbeit, Neuropsychologie\t\t\t\t\t\t<\/a>\n\t\t\t\t\t\t<br>Instructor: Christoph L\u00f6ffler; Emil Stobbe\t\t\t\t\t\t\t\t\t\t\t<\/li>\n\t\t\t\t\t\t\t\t\t\t\t\t\t\t\t\t<li>\n\t\t\t\t\t\t<a href=\"?event_id=397153431119767&amp;skip_groups=true\">\n\t\t\t\t\t\t\tZusatzraum f\u00fcr 4380 KG 4 v 4\t\t\t\t\t\t<\/a>\n\t\t\t\t\t\t<br>Instructor: Zeliha Sahint\u00fcrk\t\t\t\t\t\t\t\t\t\t\t<\/li>\n\t\t\t\t\t\t\t\t\t\t\t\t\t\t\t\t\t\t\t\t\t\t\t\t\t\t\t\t\t\t\t\t\t\t\t\t\t<\/ul>\n\t\t\t<h2>Exercise<\/h2>\n\t\t<ul>\n\t\t\t\t\t\t\t\t\t\t\t\t\t\t\t\t\t\t\t\t\t\t\t\t\t\t\t\t\t\t\t\t\t\t\t\t\t\t\t\t\t\t\t\t\t\t\t\t\t\t\t\t\t\t\t\t\t\t\t\t\t<li>\n\t\t\t\t\t\t<a href=\"?event_id=394273587673392&amp;skip_groups=true\">\n\t\t\t\t\t\t\tAngewandte PT &#8211; Dokumentation &amp; Evaluation von Behandlungen\t\t\t\t\t\t<\/a>\n\t\t\t\t\t\t<br>Instructor: Peter Zeier\t\t\t\t\t\t\t\t\t\t\t<\/li>\n\t\t\t\t\t\t\t\t\t\t\t\t\t\t\t\t\t\t\t\t\t\t\t\t\t\t\t\t\t\t<\/ul>\n\t\t\t<h2>Colloquium<\/h2>\n\t\t<ul>\n\t\t\t\t\t\t\t\t\t\t\t\t<li>\n\t\t\t\t\t\t<a href=\"?event_id=394273588143603&amp;skip_groups=true\">\n\t\t\t\t\t\t\tMaster-Kolloquium\t\t\t\t\t\t<\/a>\n\t\t\t\t\t\t<br>Instructor: Prof. Dr. Anne Mareike Altgassen; Univ.-Prof. Dr. Boris Egloff; Univ.-Prof. Dr. Heiko Hecht; Univ.-Prof. Dr. Roland Imhoff; Stefanie Jungmann; Prof. Dr. Johannes Maria Kraus; Prof. Thomas Kubiak; Julia Olivia Linke; Univ.-Prof. Dr. G\u00fcnter Meinhardt; Prof. Dr. Daniel Oberfeld-Twistel; Prof. Dr. Thomas Rigotti; Prof. Dr. Anna-Lena Schubert; Brian Schwartz\t\t\t\t\t\t\t\t\t\t\t<\/li>\n\t\t\t\t\t\t\t\t\t\t\t\t\t\t\t\t\t\t\t\t\t\t\t\t\t\t\t\t\t\t\t\t\t\t\t\t\t\t\t\t\t\t\t\t\t\t\t\t\t\t\t\t\t\t\t\t\t\t\t\t\t\t\t\t\t\t\t\t\t\t\t\t\t\t\t\t\t\t\t<\/ul>\n\t\t\t<h2>Project seminar<\/h2>\n\t\t<ul>\n\t\t\t\t\t\t\t\t\t\t\t\t\t\t\t\t\t\t\t<li>\n\t\t\t\t\t\t<a href=\"?event_id=394273587983526&amp;skip_groups=true\">\n\t\t\t\t\t\t\tProjektseminar inkl. Versuchsteilnahme (30 Std.)\t\t\t\t\t\t<\/a>\n\t\t\t\t\t\t<br>Instructor: Peter Zeier\t\t\t\t\t\t\t\t\t\t\t<\/li>\n\t\t\t\t\t\t\t\t\t\t\t\t\t\t\t\t<li>\n\t\t\t\t\t\t<a href=\"?event_id=394273586405981&amp;skip_groups=true\">\n\t\t\t\t\t\t\tProjektseminar: Kolloquium Masterarbeit\t\t\t\t\t\t<\/a>\n\t\t\t\t\t\t<br>Instructor: Prof. Dr. Anne Mareike Altgassen; Univ.-Prof. Dr. Boris Egloff; Univ.-Prof. Dr. Heiko Hecht; Univ.-Prof. Dr. Roland Imhoff; Stefanie Jungmann; Prof. Thomas Kubiak; Julia Olivia Linke; Univ.-Prof. Dr. G\u00fcnter Meinhardt; Prof. Dr. Thomas Rigotti; Prof. Dr. Anna-Lena Schubert; Brian Schwartz\t\t\t\t\t\t\t\t\t\t\t<\/li>\n\t\t\t\t\t\t\t\t\t\t\t\t\t\t\t\t<li>\n\t\t\t\t\t\t<a href=\"?event_id=394273585933765&amp;skip_groups=true\">\n\t\t\t\t\t\t\tProjektseminar: Psychotherapeutische Praxis I: Fallkonzeptualisierung\t\t\t\t\t\t<\/a>\n\t\t\t\t\t\t<br>Instructor: Christoph L\u00f6ffler; Zeliha Sahint\u00fcrk; Karoline Sophie Sauer; Brian Schwartz\t\t\t\t\t\t\t\t\t\t\t<\/li>\n\t\t\t\t\t\t\t\t\t\t\t\t\t\t\t\t\t\t\t\t\t\t\t\t\t\t\t\t\t\t\t\t\t\t\t\t\t\t\t\t\t\t\t\t\t\t\t\t\t\t\t\t\t\t\t\t\t\t<\/ul>\n\t\t<hr>\n<p>\n\tSoSe 2026\t<\/p>\n<\/div>\n\n\n\n<div class=\"wp-block-column is-layout-flow wp-block-column-is-layout-flow\" style=\"flex-basis:5%\"><\/div>\n\n\n\n<div class=\"wp-block-column is-layout-flow wp-block-column-is-layout-flow\" style=\"flex-basis:25%\">\n<div style=\"height:25px\" aria-hidden=\"true\" class=\"wp-block-spacer\"><\/div>\n\n\n<jgu-base-image react-props=\"{\n    &quot;image&quot;: {\n        &quot;url&quot;: &quot;https:\\\/\\\/cms.zdv.uni-mainz.de\\\/fb02-kpnr\\\/wp-content\\\/uploads\\\/sites\\\/960\\\/2026\\\/04\\\/FreePik_Lehrveranstaltungen_1-scaled.jpg&quot;,\n        &quot;id&quot;: 12663,\n        &quot;credit&quot;: &quot;Designed by Freepik&quot;,\n        &quot;title&quot;: &quot;FreePik_Lehrveranstaltungen_1&quot;,\n        &quot;width&quot;: 2560,\n        &quot;height&quot;: 1706,\n        &quot;srcset&quot;: &quot;https:\\\/\\\/cms.zdv.uni-mainz.de\\\/fb02-kpnr\\\/wp-content\\\/uploads\\\/sites\\\/960\\\/2026\\\/04\\\/FreePik_Lehrveranstaltungen_1-scaled.jpg 2560w, https:\\\/\\\/cms.zdv.uni-mainz.de\\\/fb02-kpnr\\\/wp-content\\\/uploads\\\/sites\\\/960\\\/2026\\\/04\\\/FreePik_Lehrveranstaltungen_1-300x200.jpg 300w, https:\\\/\\\/cms.zdv.uni-mainz.de\\\/fb02-kpnr\\\/wp-content\\\/uploads\\\/sites\\\/960\\\/2026\\\/04\\\/FreePik_Lehrveranstaltungen_1-1024x683.jpg 1024w, https:\\\/\\\/cms.zdv.uni-mainz.de\\\/fb02-kpnr\\\/wp-content\\\/uploads\\\/sites\\\/960\\\/2026\\\/04\\\/FreePik_Lehrveranstaltungen_1-768x512.jpg 768w, https:\\\/\\\/cms.zdv.uni-mainz.de\\\/fb02-kpnr\\\/wp-content\\\/uploads\\\/sites\\\/960\\\/2026\\\/04\\\/FreePik_Lehrveranstaltungen_1-1536x1024.jpg 1536w, https:\\\/\\\/cms.zdv.uni-mainz.de\\\/fb02-kpnr\\\/wp-content\\\/uploads\\\/sites\\\/960\\\/2026\\\/04\\\/FreePik_Lehrveranstaltungen_1-2048x1365.jpg 2048w&quot;\n    },\n    &quot;align&quot;: &quot;&quot;,\n    &quot;hasLightbox&quot;: false,\n    &quot;caption&quot;: &quot;&quot;,\n    &quot;imgWidth&quot;: 0,\n    &quot;link&quot;: {\n        &quot;url&quot;: &quot;&quot;,\n        &quot;target&quot;: &quot;&quot;,\n        &quot;rel&quot;: &quot;&quot;\n    }\n}\" class=\"align-\">\n    \n<\/jgu-base-image>\n\n\n<div style=\"height:20px\" aria-hidden=\"true\" class=\"wp-block-spacer\"><\/div>\n\n\n<jgu-base-image react-props=\"{\n    &quot;image&quot;: {\n        &quot;url&quot;: &quot;https:\\\/\\\/cms.zdv.uni-mainz.de\\\/fb02-kpnr\\\/wp-content\\\/uploads\\\/sites\\\/960\\\/2026\\\/04\\\/FreePik_Lehrveranstatlungen_2-scaled.jpg&quot;,\n        &quot;id&quot;: 12667,\n        &quot;credit&quot;: &quot;Designed by Freepik&quot;,\n        &quot;hideImageDescription&quot;: true,\n        &quot;caption&quot;: &quot;Picture of happy young woman student wearing glasses with backpack sitting over grey wall. Looking at camera holding books on head.&quot;,\n        &quot;title&quot;: &quot;Happy young woman student holding books on head.&quot;,\n        &quot;width&quot;: 2560,\n        &quot;height&quot;: 1707,\n        &quot;srcset&quot;: &quot;https:\\\/\\\/cms.zdv.uni-mainz.de\\\/fb02-kpnr\\\/wp-content\\\/uploads\\\/sites\\\/960\\\/2026\\\/04\\\/FreePik_Lehrveranstatlungen_2-scaled.jpg 2560w, https:\\\/\\\/cms.zdv.uni-mainz.de\\\/fb02-kpnr\\\/wp-content\\\/uploads\\\/sites\\\/960\\\/2026\\\/04\\\/FreePik_Lehrveranstatlungen_2-300x200.jpg 300w, https:\\\/\\\/cms.zdv.uni-mainz.de\\\/fb02-kpnr\\\/wp-content\\\/uploads\\\/sites\\\/960\\\/2026\\\/04\\\/FreePik_Lehrveranstatlungen_2-1024x683.jpg 1024w, https:\\\/\\\/cms.zdv.uni-mainz.de\\\/fb02-kpnr\\\/wp-content\\\/uploads\\\/sites\\\/960\\\/2026\\\/04\\\/FreePik_Lehrveranstatlungen_2-768x512.jpg 768w, https:\\\/\\\/cms.zdv.uni-mainz.de\\\/fb02-kpnr\\\/wp-content\\\/uploads\\\/sites\\\/960\\\/2026\\\/04\\\/FreePik_Lehrveranstatlungen_2-1536x1024.jpg 1536w, https:\\\/\\\/cms.zdv.uni-mainz.de\\\/fb02-kpnr\\\/wp-content\\\/uploads\\\/sites\\\/960\\\/2026\\\/04\\\/FreePik_Lehrveranstatlungen_2-2048x1365.jpg 2048w&quot;\n    },\n    &quot;align&quot;: &quot;&quot;,\n    &quot;hasLightbox&quot;: false,\n    &quot;caption&quot;: &quot;&quot;,\n    &quot;imgWidth&quot;: 0,\n    &quot;link&quot;: {\n        &quot;url&quot;: &quot;&quot;,\n        &quot;target&quot;: &quot;&quot;,\n        &quot;rel&quot;: &quot;&quot;\n    }\n}\" class=\"align-\">\n    \n<\/jgu-base-image>\n\n\n<div style=\"height:20px\" aria-hidden=\"true\" class=\"wp-block-spacer\"><\/div>\n\n\n<jgu-base-image react-props=\"{\n    &quot;image&quot;: {\n        &quot;url&quot;: &quot;https:\\\/\\\/cms.zdv.uni-mainz.de\\\/fb02-kpnr\\\/wp-content\\\/uploads\\\/sites\\\/960\\\/2026\\\/04\\\/FreePik_Lehrveranstaltungen_3-scaled.jpg&quot;,\n        &quot;id&quot;: 12669,\n        &quot;credit&quot;: &quot;Designed by Freepik&quot;,\n        &quot;hideImageDescription&quot;: true,\n        &quot;caption&quot;: &quot;Learning with friends is easier&quot;,\n        &quot;title&quot;: &quot;Learning with friends is easier&quot;,\n        &quot;width&quot;: 2560,\n        &quot;height&quot;: 1709,\n        &quot;srcset&quot;: &quot;https:\\\/\\\/cms.zdv.uni-mainz.de\\\/fb02-kpnr\\\/wp-content\\\/uploads\\\/sites\\\/960\\\/2026\\\/04\\\/FreePik_Lehrveranstaltungen_3-scaled.jpg 2560w, https:\\\/\\\/cms.zdv.uni-mainz.de\\\/fb02-kpnr\\\/wp-content\\\/uploads\\\/sites\\\/960\\\/2026\\\/04\\\/FreePik_Lehrveranstaltungen_3-300x200.jpg 300w, https:\\\/\\\/cms.zdv.uni-mainz.de\\\/fb02-kpnr\\\/wp-content\\\/uploads\\\/sites\\\/960\\\/2026\\\/04\\\/FreePik_Lehrveranstaltungen_3-1024x683.jpg 1024w, https:\\\/\\\/cms.zdv.uni-mainz.de\\\/fb02-kpnr\\\/wp-content\\\/uploads\\\/sites\\\/960\\\/2026\\\/04\\\/FreePik_Lehrveranstaltungen_3-768x513.jpg 768w, https:\\\/\\\/cms.zdv.uni-mainz.de\\\/fb02-kpnr\\\/wp-content\\\/uploads\\\/sites\\\/960\\\/2026\\\/04\\\/FreePik_Lehrveranstaltungen_3-1536x1025.jpg 1536w, https:\\\/\\\/cms.zdv.uni-mainz.de\\\/fb02-kpnr\\\/wp-content\\\/uploads\\\/sites\\\/960\\\/2026\\\/04\\\/FreePik_Lehrveranstaltungen_3-2048x1367.jpg 2048w&quot;\n    },\n    &quot;align&quot;: &quot;&quot;,\n    &quot;hasLightbox&quot;: false,\n    &quot;caption&quot;: &quot;&quot;,\n    &quot;imgWidth&quot;: 0,\n    &quot;link&quot;: {\n        &quot;url&quot;: &quot;&quot;,\n        &quot;target&quot;: &quot;&quot;,\n        &quot;rel&quot;: &quot;&quot;\n    }\n}\" class=\"align-\">\n    \n<\/jgu-base-image><\/div>\n<\/div>\n\n<p class=\"has-big-font-size\"><\/p>\n    <div style=\"display: none\">\n        \n    <\/div>","protected":false},"excerpt":{"rendered":"","protected":false},"author":1,"featured_media":0,"parent":0,"menu_order":0,"comment_status":"closed","ping_status":"closed","template":"","meta":{"footnotes":""},"categories":[],"tags":[],"class_list":["post-12801","page","type-page","status-publish","hentry"],"content_raw":"<!-- wp:jgu\/pageheader {\"items\":[{\"box\":{\"index\":\"\",\"title\":\"Courses\",\"link\":{\"url\":\"\",\"title\":\"learn more\"}},\"color\":\"default\",\"image\":{\"url\":\"\"},\"imgCredit\":\"\",\"useVideo\":false,\"video\":false}],\"type\":\"border\"} \/--><!-- wp:spacer {\"height\":\"35px\"} -->\n<div style=\"height:35px\" aria-hidden=\"true\" class=\"wp-block-spacer\"><\/div>\n<!-- \/wp:spacer --><!-- wp:columns {\"className\":\"\"} -->\n<div class=\"wp-block-columns\"><!-- wp:column {\"width\":\"70%\"} -->\n<div class=\"wp-block-column\" style=\"flex-basis:70%\"><!-- wp:jgu\/jogustine {\"instructor\":\"Peter Zeier, Mathias Klinghammer, Julia Olivia Linke, Magdalena Stork, Eliza Lichtenth\u00e4ler, Lara Hamzehpour, Emil Stobbe, Christoph L\u00f6ffler, Zeliha Sahint\u00fcrk\",\"order\":\"event_category\",\"courseTypes\":\"Vorlesung, Seminar, \u00dcbung, Kolloquium, Projektseminar\",\"skipStudyGroups\":true} \/--><\/div>\n<!-- \/wp:column -->\n\n<!-- wp:column {\"width\":\"5%\"} -->\n<div class=\"wp-block-column\" style=\"flex-basis:5%\"><\/div>\n<!-- \/wp:column -->\n\n<!-- wp:column {\"width\":\"25%\"} -->\n<div class=\"wp-block-column\" style=\"flex-basis:25%\"><!-- wp:spacer {\"height\":\"25px\"} -->\n<div style=\"height:25px\" aria-hidden=\"true\" class=\"wp-block-spacer\"><\/div>\n<!-- \/wp:spacer -->\n\n<!-- wp:jgu\/image {\"image\":{\"url\":null,\"id\":12663,\"credit\":\"Designed by Freepik\"}} \/-->\n\n<!-- wp:spacer {\"height\":\"20px\"} -->\n<div style=\"height:20px\" aria-hidden=\"true\" class=\"wp-block-spacer\"><\/div>\n<!-- \/wp:spacer -->\n\n<!-- wp:jgu\/image {\"image\":{\"url\":null,\"id\":12667,\"credit\":\"Designed by Freepik\",\"hideImageDescription\":true}} \/-->\n\n<!-- wp:spacer {\"height\":\"20px\"} -->\n<div style=\"height:20px\" aria-hidden=\"true\" class=\"wp-block-spacer\"><\/div>\n<!-- \/wp:spacer -->\n\n<!-- wp:jgu\/image {\"image\":{\"url\":null,\"id\":12669,\"credit\":\"Designed by Freepik\",\"hideImageDescription\":true}} \/--><\/div>\n<!-- \/wp:column --><\/div>\n<!-- \/wp:columns --><!-- wp:paragraph -->\n<p class=\"has-big-font-size\"><\/p>\n<!-- \/wp:paragraph -->","_links":{"self":[{"href":"https:\/\/kpnr.uni-mainz.de\/en\/wp-json\/wp\/v2\/pages\/12801","targetHints":{"allow":["GET"]}}],"collection":[{"href":"https:\/\/kpnr.uni-mainz.de\/en\/wp-json\/wp\/v2\/pages"}],"about":[{"href":"https:\/\/kpnr.uni-mainz.de\/en\/wp-json\/wp\/v2\/types\/page"}],"author":[{"embeddable":true,"href":"https:\/\/kpnr.uni-mainz.de\/en\/wp-json\/wp\/v2\/users\/1"}],"replies":[{"embeddable":true,"href":"https:\/\/kpnr.uni-mainz.de\/en\/wp-json\/wp\/v2\/comments?post=12801"}],"version-history":[{"count":2,"href":"https:\/\/kpnr.uni-mainz.de\/en\/wp-json\/wp\/v2\/pages\/12801\/revisions"}],"predecessor-version":[{"id":13503,"href":"https:\/\/kpnr.uni-mainz.de\/en\/wp-json\/wp\/v2\/pages\/12801\/revisions\/13503"}],"wp:attachment":[{"href":"https:\/\/kpnr.uni-mainz.de\/en\/wp-json\/wp\/v2\/media?parent=12801"}],"wp:term":[{"taxonomy":"category","embeddable":true,"href":"https:\/\/kpnr.uni-mainz.de\/en\/wp-json\/wp\/v2\/categories?post=12801"},{"taxonomy":"post_tag","embeddable":true,"href":"https:\/\/kpnr.uni-mainz.de\/en\/wp-json\/wp\/v2\/tags?post=12801"}],"curies":[{"name":"wp","href":"https:\/\/api.w.org\/{rel}","templated":true}]}}